{"id":1048,"date":"2025-10-14T20:36:58","date_gmt":"2025-10-14T20:36:58","guid":{"rendered":"https:\/\/www.socialwatch.org\/informes\/indice-de-informes-nacionales\/"},"modified":"2025-11-05T19:42:06","modified_gmt":"2025-11-05T19:42:06","slug":"indice-de-informes-nacionales","status":"publish","type":"page","link":"https:\/\/www.socialwatch.org\/es\/informes\/indice-de-informes-nacionales\/","title":{"rendered":"\u00cdndice de informes nacionales"},"content":{"rendered":"\n<style>\n@media (max-width: 768px) {\n  div[column-count] {\n    column-count: 1!important;\n  }\n}<\/style>\n<div style=\"column-count: 2; column-gap: 2em; line-height: 1.6;\">\n <a href=\"https:\/\/www.socialwatch.org\/es\/node\/116\">Afganist\u00e1n<\/a><br>\n<a href=\"https:\/\/www.socialwatch.org\/es\/node\/122\">Albania<\/a><br>\n<a href=\"https:\/\/www.socialwatch.org\/es\/node\/222\">Alemania<\/a><br>\n<a href=\"https:\/\/www.socialwatch.org\/es\/node\/118\">Angola<\/a><br>\n<a href=\"https:\/\/www.socialwatch.org\/es\/node\/234\">Argelia<\/a><br>\n<a href=\"https:\/\/www.socialwatch.org\/es\/node\/130\">Argentina<\/a><br>\n<a href=\"https:\/\/www.socialwatch.org\/es\/node\/132\">Armenia<\/a><br>\n<a href=\"https:\/\/www.socialwatch.org\/es\/node\/142\">Azerbaiy\u00e1n<\/a><br>\n<a href=\"https:\/\/www.socialwatch.org\/es\/node\/156\">Bahrein<\/a><br>\n<a href=\"https:\/\/www.socialwatch.org\/es\/node\/152\">Bangladesh<\/a><br>\n<a href=\"https:\/\/www.socialwatch.org\/es\/node\/146\">B\u00e9lgica<\/a><br>\n<a href=\"https:\/\/www.socialwatch.org\/es\/node\/148\">Benin<\/a><br>\n<a href=\"https:\/\/www.socialwatch.org\/es\/node\/168\">Bolivia<\/a><br>\n<a href=\"https:\/\/www.socialwatch.org\/es\/node\/170\">Brasil<\/a><br>\n<a href=\"https:\/\/www.socialwatch.org\/es\/node\/154\">Bulgaria<\/a><br>\n<a href=\"https:\/\/www.socialwatch.org\/es\/node\/150\">Burkina Faso<\/a><br>\n<a href=\"https:\/\/www.socialwatch.org\/es\/node\/332\">Camboya<\/a><br>\n<a href=\"https:\/\/www.socialwatch.org\/es\/node\/196\">Camer\u00fan<\/a><br>\n<a href=\"https:\/\/www.socialwatch.org\/es\/node\/182\">Canad\u00e1<\/a><br>\n<a href=\"https:\/\/www.socialwatch.org\/es\/node\/190\">Chile<\/a><br>\n<a href=\"https:\/\/www.socialwatch.org\/es\/node\/192\">China<\/a><br>\n<a href=\"https:\/\/www.socialwatch.org\/es\/node\/218\">Chipre<\/a><br>\n<a href=\"https:\/\/www.socialwatch.org\/es\/node\/204\">Colombia<\/a><br>\n<a href=\"https:\/\/www.socialwatch.org\/es\/node\/200\">Congo, Rep. Dem.<\/a><br>\n<a href=\"https:\/\/www.socialwatch.org\/es\/node\/338\">Corea, Rep.<\/a><br>\n<a href=\"https:\/\/www.socialwatch.org\/es\/node\/210\">Costa Rica<\/a><br>\n<a href=\"https:\/\/www.socialwatch.org\/es\/node\/298\">Croacia<\/a><br>\n<a href=\"https:\/\/www.socialwatch.org\/es\/node\/236\">Ecuador<\/a><br>\n<a href=\"https:\/\/www.socialwatch.org\/es\/node\/238\">Egipto<\/a><br>\n<a href=\"https:\/\/www.socialwatch.org\/es\/node\/486\">El Salvador<\/a><br>\n<a href=\"https:\/\/www.socialwatch.org\/es\/node\/240\">Eritrea<\/a><br>\n<a href=\"https:\/\/www.socialwatch.org\/es\/node\/498\">Eslovaquia<\/a><br>\n<a href=\"https:\/\/www.socialwatch.org\/es\/node\/500\">Eslovenia<\/a><br>\n<a href=\"https:\/\/www.socialwatch.org\/es\/node\/244\">Espa\u00f1a<\/a><br>\n<a href=\"https:\/\/www.socialwatch.org\/es\/node\/546\">Estados Unidos de Am\u00e9rica<\/a><br>\n<a href=\"https:\/\/www.socialwatch.org\/es\/node\/248\">Etiop\u00eda<\/a><br>\n<a href=\"https:\/\/www.socialwatch.org\/es\/node\/442\">Filipinas<\/a><br>\n<a href=\"https:\/\/www.socialwatch.org\/es\/node\/250\">Finlandia<\/a><br>\n<a href=\"https:\/\/www.socialwatch.org\/es\/node\/256\">Francia<\/a><br>\n<a href=\"https:\/\/www.socialwatch.org\/es\/node\/268\">Ghana<\/a><br>\n<a href=\"https:\/\/www.socialwatch.org\/es\/node\/288\">Guatemala<\/a><br>\n<a href=\"https:\/\/www.socialwatch.org\/es\/node\/296\">Honduras<\/a><br>\n<a href=\"https:\/\/www.socialwatch.org\/es\/node\/302\">Hungr\u00eda<\/a><br>\n<a href=\"https:\/\/www.socialwatch.org\/es\/node\/306\">India<\/a><br>\n<a href=\"https:\/\/www.socialwatch.org\/es\/node\/304\">Indonesia<\/a><br>\n<a href=\"https:\/\/www.socialwatch.org\/es\/node\/312\">Iraq<\/a><br>\n<a href=\"https:\/\/www.socialwatch.org\/es\/node\/316\">Israel<\/a><br>\n<a href=\"https:\/\/www.socialwatch.org\/es\/node\/318\">Italia<\/a><br>\n<a href=\"https:\/\/www.socialwatch.org\/es\/node\/324\">Jap\u00f3n<\/a><br>\n<a href=\"https:\/\/www.socialwatch.org\/es\/node\/322\">Jordania<\/a><br>\n<a href=\"https:\/\/www.socialwatch.org\/es\/node\/326\">Kazajst\u00e1n<\/a><br>\n<a href=\"https:\/\/www.socialwatch.org\/es\/node\/328\">Kenya<\/a><br>\n<a href=\"https:\/\/www.socialwatch.org\/es\/node\/362\">Letonia<\/a><br>\n<a href=\"https:\/\/www.socialwatch.org\/es\/node\/344\">L\u00edbano<\/a><br>\n<a href=\"https:\/\/www.socialwatch.org\/es\/node\/358\">Lituania<\/a><br>\n<a href=\"https:\/\/www.socialwatch.org\/es\/node\/404\">Malasia<\/a><br>\n<a href=\"https:\/\/www.socialwatch.org\/es\/node\/384\">Malta<\/a><br>\n<a href=\"https:\/\/www.socialwatch.org\/es\/node\/364\">Marruecos<\/a><br>\n<a href=\"https:\/\/www.socialwatch.org\/es\/node\/374\">M\u00e9xico<\/a><br>\n<a href=\"https:\/\/www.socialwatch.org\/es\/node\/368\">Moldova<\/a><br>\n<a href=\"https:\/\/www.socialwatch.org\/es\/node\/392\">Mozambique<\/a><br>\n<a href=\"https:\/\/www.socialwatch.org\/es\/node\/386\">Myanmar<\/a><br>\n<a href=\"https:\/\/www.socialwatch.org\/es\/node\/426\">Nepal<\/a><br>\n<a href=\"https:\/\/www.socialwatch.org\/es\/node\/418\">Nicaragua<\/a><br>\n<a href=\"https:\/\/www.socialwatch.org\/es\/node\/416\">Nigeria<\/a><br>\n<a href=\"https:\/\/www.socialwatch.org\/es\/node\/424\">Noruega<\/a><br>\n<a href=\"https:\/\/www.socialwatch.org\/es\/node\/422\">Pa\u00edses Bajos<\/a><br>\n<a href=\"https:\/\/www.socialwatch.org\/es\/node\/434\">Pakist\u00e1n<\/a><br>\n<a href=\"https:\/\/www.socialwatch.org\/es\/node\/458\">Palestina<\/a><br>\n<a href=\"https:\/\/www.socialwatch.org\/es\/node\/436\">Panam\u00e1<\/a><br>\n<a href=\"https:\/\/www.socialwatch.org\/es\/node\/456\">Paraguay<\/a><br>\n<a href=\"https:\/\/www.socialwatch.org\/es\/node\/440\">Per\u00fa<\/a><br>\n<a href=\"https:\/\/www.socialwatch.org\/es\/node\/448\">Polonia<\/a><br>\n<a href=\"https:\/\/www.socialwatch.org\/es\/node\/454\">Portugal<\/a><br>\n<a href=\"https:\/\/www.socialwatch.org\/es\/node\/450\">Puerto Rico<\/a><br>\n<a href=\"https:\/\/www.socialwatch.org\/es\/node\/264\">Reino Unido<\/a><br>\n<a href=\"https:\/\/www.socialwatch.org\/es\/node\/508\">Rep\u00fablica \u00c1rabe Siria<\/a><br>\n<a href=\"https:\/\/www.socialwatch.org\/es\/node\/180\">Rep\u00fablica Centroafricana<\/a><br>\n<a href=\"https:\/\/www.socialwatch.org\/es\/node\/220\">Rep\u00fablica Checa<\/a><br>\n<a href=\"https:\/\/www.socialwatch.org\/es\/node\/232\">Rep\u00fablica Dominicana<\/a><br>\n<a href=\"https:\/\/www.socialwatch.org\/es\/node\/466\">Rumania<\/a><br>\n<a href=\"https:\/\/www.socialwatch.org\/es\/node\/476\">Senegal<\/a><br>\n<a href=\"https:\/\/www.socialwatch.org\/es\/node\/590\">Serbia<\/a><br>\n<a href=\"https:\/\/www.socialwatch.org\/es\/node\/490\">Somalia<\/a><br>\n<a href=\"https:\/\/www.socialwatch.org\/es\/node\/354\">Sri Lanka<\/a><br>\n<a href=\"https:\/\/www.socialwatch.org\/es\/node\/572\">Sud\u00e1frica<\/a><br>\n<a href=\"https:\/\/www.socialwatch.org\/es\/node\/474\">Sud\u00e1n<\/a><br>\n<a href=\"https:\/\/www.socialwatch.org\/es\/node\/188\">Suiza<\/a><br>\n<a href=\"https:\/\/www.socialwatch.org\/es\/node\/496\">Suriname<\/a><br>\n<a href=\"https:\/\/www.socialwatch.org\/es\/node\/516\">Tailandia<\/a><br>\n<a href=\"https:\/\/www.socialwatch.org\/es\/node\/538\">Tanzan\u00eda<\/a><br>\n<a href=\"https:\/\/www.socialwatch.org\/es\/node\/530\">T\u00fanez<\/a><br>\n<a href=\"https:\/\/www.socialwatch.org\/es\/node\/540\">Uganda<\/a><br>\n<a href=\"https:\/\/www.socialwatch.org\/es\/node\/544\">Uruguay<\/a><br>\n<a href=\"https:\/\/www.socialwatch.org\/es\/node\/554\">Venezuela<\/a><br>\n<a href=\"https:\/\/www.socialwatch.org\/es\/node\/560\">Viet Nam<\/a><br>\n<a href=\"https:\/\/www.socialwatch.org\/es\/node\/568\">Yemen<\/a><br>\n<a href=\"https:\/\/www.socialwatch.org\/es\/node\/574\">Zambia<\/a><br>\n<\/div>\n\n ","protected":false},"excerpt":{"rendered":"<p>Afganist\u00e1n Albania Alemania Angola Argelia Argentina Armenia Azerbaiy\u00e1n Bahrein Bangladesh B\u00e9lgica Benin Bolivia Brasil Bulgaria Burkina Faso Camboya Camer\u00fan Canad\u00e1 Chile China Chipre Colombia Congo, Rep. Dem. Corea, Rep. Costa Rica Croacia Ecuador Egipto El Salvador Eritrea Eslovaquia Eslovenia Espa\u00f1a Estados Unidos de Am\u00e9rica Etiop\u00eda Filipinas Finlandia Francia Ghana Guatemala Honduras Hungr\u00eda India Indonesia Iraq [&hellip;]<\/p>\n","protected":false},"author":3,"featured_media":0,"parent":678,"menu_order":0,"comment_status":"closed","ping_status":"closed","template":"","meta":{"footnotes":""},"class_list":["post-1048","page","type-page","status-publish","hentry"],"_links":{"self":[{"href":"https:\/\/www.socialwatch.org\/es\/wp-json\/wp\/v2\/pages\/1048","targetHints":{"allow":["GET"]}}],"collection":[{"href":"https:\/\/www.socialwatch.org\/es\/wp-json\/wp\/v2\/pages"}],"about":[{"href":"https:\/\/www.socialwatch.org\/es\/wp-json\/wp\/v2\/types\/page"}],"author":[{"embeddable":true,"href":"https:\/\/www.socialwatch.org\/es\/wp-json\/wp\/v2\/users\/3"}],"replies":[{"embeddable":true,"href":"https:\/\/www.socialwatch.org\/es\/wp-json\/wp\/v2\/comments?post=1048"}],"version-history":[{"count":2,"href":"https:\/\/www.socialwatch.org\/es\/wp-json\/wp\/v2\/pages\/1048\/revisions"}],"predecessor-version":[{"id":1051,"href":"https:\/\/www.socialwatch.org\/es\/wp-json\/wp\/v2\/pages\/1048\/revisions\/1051"}],"up":[{"embeddable":true,"href":"https:\/\/www.socialwatch.org\/es\/wp-json\/wp\/v2\/pages\/678"}],"wp:attachment":[{"href":"https:\/\/www.socialwatch.org\/es\/wp-json\/wp\/v2\/media?parent=1048"}],"curies":[{"name":"wp","href":"https:\/\/api.w.org\/{rel}","templated":true}]}}