{"id":586,"date":"2025-09-30T14:12:38","date_gmt":"2025-09-30T14:12:38","guid":{"rendered":"https:\/\/www.socialwatch.org\/acerca-de\/"},"modified":"2025-10-30T19:56:46","modified_gmt":"2025-10-30T19:56:46","slug":"acerca-de","status":"publish","type":"page","link":"https:\/\/www.socialwatch.org\/es\/acerca-de\/","title":{"rendered":"ACERCA DE"},"content":{"rendered":"\n<p>La red Social Watch fue creada en 1995 durante la \u201cCumbre Social\u201d (Cumbre Mundial sobre Desarrollo Social en Copenhague) para crear un instrumento de la sociedad civil que hiciera a los gobiernos responsables de sus compromisos solemnes para erradicar la pobreza, lograr la equidad de g\u00e9nero y reducir las desigualdades.<\/p>\n\n\n\n<p>En 2011 una Asamblea internacional con participaci\u00f3n de un centenar de grupos de la sociedad civil de m\u00e1s de ochenta pa\u00edses defini\u00f3 a Social Watch como \u201cuna red internacional de organizaciones ciudadanas en la lucha por erradicar la pobreza y las causas de la pobreza, poner fin a todas las formas de discriminaci\u00f3n y racismo, asegurar una distribuci\u00f3n equitativa de la riqueza y la realizaci\u00f3n de los derechos humanos. Estamos comprometidos con la paz, la justicia social, econ\u00f3mica, ambiental y de g\u00e9nero, y hacemos hincapi\u00e9 en el derecho de todas las personas a no ser pobres.\u201d<\/p>\n\n\n\n<p>La Asamblea estableci\u00f3 una secretar\u00eda en Montevideo, albergada por el&nbsp;<a href=\"https:\/\/www.item.org.uy\/es\/\" target=\"_blank\" rel=\"noopener\">Insituto del Tercer Mundo - ITeM<\/a>&nbsp;con el mandato de aplicar \u201cuna estrategia global de promoci\u00f3n, sensibilizaci\u00f3n, seguimiento, desarrollo organizativo y creaci\u00f3n de redes\u201d.<\/p>\n\n\n\n<div style=\"height:50px\" aria-hidden=\"true\" class=\"wp-block-spacer\"><\/div>\n\n\n\n<p><\/p>\n\n\n\n<h2 class=\"wp-block-heading\">Historia de Social Watch<\/h2>\n\n\n\n<p><a href=\"https:\/\/www2024.socialwatch.org\/node\/15184\">Social Watch External Evaluation 2009-2011<\/a><br><a href=\"http:\/\/www.socialwatch.org\/manila\/index.htm\">5th Global Assembly of Social Watch - Manila, Philippines, 13-15 July 2011<\/a><br><a href=\"https:\/\/www.socialwatch.org\/es\/node\/11201\">Cuarta Asamblea General de Social Watch Accra, Ghana 26 al 29 de octubre de 2009<\/a><br><a href=\"https:\/\/www.socialwatch.org\/es\/node\/11157\">Estructura de gobernanza de Social Watch aprobado por la Asamblea en Accra 2009<\/a><br><a href=\"https:\/\/www.socialwatch.org\/es\/node\/11153\">Documento estrat\u00e9gico y marco de actividades de Social Watch 2010-2011<\/a><br><a href=\"https:\/\/www.socialwatch.org\/es\/node\/1004\">Tercera Asamblea de Social Watch, Bulgaria, Septiembre 2006<\/a><br><a href=\"https:\/\/www.socialwatch.org\/es\/node\/9385\">Informe de la Evaluaci\u00f3n Externa de Social Watch 2001-2005<\/a><br><a href=\"https:\/\/www.socialwatch.org\/es\/node\/9389\">Asamblea de Social Watch - Beirut, Octubre 2003<\/a><br><a href=\"https:\/\/www.socialwatch.org\/es\/node\/9387\">Informe de la Asamblea de Roma 2000<\/a><br><a href=\"https:\/\/www.socialwatch.org\/es\/node\/11550\">Los dientes del le\u00f3n - LA PREHISTORIA DE SOCIAL WATCH<\/a><\/p>\n\n\n","protected":false},"excerpt":{"rendered":"<p>La red Social Watch fue creada en 1995 durante la \u201cCumbre Social\u201d (Cumbre Mundial sobre Desarrollo Social en Copenhague) para crear un instrumento de la sociedad civil que hiciera a los gobiernos responsables de sus compromisos solemnes para erradicar la pobreza, lograr la equidad de g\u00e9nero y reducir las desigualdades. En 2011 una Asamblea internacional [&hellip;]<\/p>\n","protected":false},"author":3,"featured_media":0,"parent":0,"menu_order":0,"comment_status":"closed","ping_status":"closed","template":"","meta":{"footnotes":""},"class_list":["post-586","page","type-page","status-publish","hentry"],"_links":{"self":[{"href":"https:\/\/www.socialwatch.org\/es\/wp-json\/wp\/v2\/pages\/586","targetHints":{"allow":["GET"]}}],"collection":[{"href":"https:\/\/www.socialwatch.org\/es\/wp-json\/wp\/v2\/pages"}],"about":[{"href":"https:\/\/www.socialwatch.org\/es\/wp-json\/wp\/v2\/types\/page"}],"author":[{"embeddable":true,"href":"https:\/\/www.socialwatch.org\/es\/wp-json\/wp\/v2\/users\/3"}],"replies":[{"embeddable":true,"href":"https:\/\/www.socialwatch.org\/es\/wp-json\/wp\/v2\/comments?post=586"}],"version-history":[{"count":2,"href":"https:\/\/www.socialwatch.org\/es\/wp-json\/wp\/v2\/pages\/586\/revisions"}],"predecessor-version":[{"id":798,"href":"https:\/\/www.socialwatch.org\/es\/wp-json\/wp\/v2\/pages\/586\/revisions\/798"}],"wp:attachment":[{"href":"https:\/\/www.socialwatch.org\/es\/wp-json\/wp\/v2\/media?parent=586"}],"curies":[{"name":"wp","href":"https:\/\/api.w.org\/{rel}","templated":true}]}}