{"id":790,"date":"2025-09-30T14:12:38","date_gmt":"2025-09-30T14:12:38","guid":{"rendered":"https:\/\/www.socialwatch.org\/?page_id=790"},"modified":"2025-10-30T19:43:47","modified_gmt":"2025-10-30T19:43:47","slug":"a-propos-de","status":"publish","type":"page","link":"https:\/\/www.socialwatch.org\/fr\/a-propos-de\/","title":{"rendered":"\u00c0 PROPOS DE"},"content":{"rendered":"\n<p>Social Watch a \u00e9t\u00e9 cr\u00e9\u00e9 en 1995 lors du \u201cSommet social\u201d (Sommet mondial sur le d\u00e9veloppement social \u00e0 Copenhague) afin de cr\u00e9er un instrument de la soci\u00e9t\u00e9 civile pour rendre les gouvernements responsables de leurs engagements solennels d'\u00e9radiquer la pauvret\u00e9, d'atteindre l'\u00e9quit\u00e9 entre les sexes et de r\u00e9duire les in\u00e9galit\u00e9s.<\/p>\n\n\n\n<p>En 2011, une assembl\u00e9e internationale avec la participation d'une centaine de groupes de la soci\u00e9t\u00e9 civile de plus de quatre-vingts pays a d\u00e9fini Social Watch comme \u201cun r\u00e9seau international d'organisations de citoyens dans la lutte pour \u00e9radiquer la pauvret\u00e9 et les causes de la pauvret\u00e9, pour mettre fin \u00e0 toutes les formes de discrimination et de racisme, pour assurer une distribution \u00e9quitable de la richesse et la r\u00e9alisation des droits de l'homme. Nous nous engageons pour la paix, la justice sociale, \u00e9conomique, environnementale et de genre, et nous mettons l'accent sur le droit de tous les peuples \u00e0 ne pas \u00eatre pauvres.<\/p>\n\n\n\n<p>L'Assembl\u00e9e a cr\u00e9\u00e9 un secr\u00e9tariat \u00e0 Montevideo, h\u00e9berg\u00e9 par l'<a href=\"https:\/\/www.item.org.uy\/en\/\" target=\"_blank\" rel=\"noreferrer noopener\">Insituto del Tercer Mundo - ITeM<\/a>, avec pour mandat de mettre en \u0153uvre \u201cune strat\u00e9gie globale de plaidoyer, de sensibilisation, de suivi, de d\u00e9veloppement organisationnel et de promotion de r\u00e9seaux\u201d.<\/p>\n\n\n\n<h2 class=\"wp-block-heading\">The history of Social Watch<\/h2>\n\n\n\n<p><a href=\"https:\/\/www2024.socialwatch.org\/node\/15184\">Social Watch External Evaluation 2009-2011<\/a><br><a href=\"http:\/\/www.socialwatch.org\/manila\/index.htm\">5th Global Assembly of Social Watch - Manila, Philippines, 13-15 July 2011<\/a><br><a href=\"https:\/\/www2024.socialwatch.org\/node\/11192\">Fourth General Assembly of Social Watch Accra, Ghana 26-29 October 2009<\/a><br><a href=\"https:\/\/www2024.socialwatch.org\/node\/11155\">Governance structure of Social Watch adopted by the Accra Assembly in 2009<\/a><br><a href=\"https:\/\/www2024.socialwatch.org\/node\/11152\">Social Watch Strategy Document and Framework of Activities 2010-2011<\/a><br><a href=\"https:\/\/www2024.socialwatch.org\/node\/1002\">Third Social Watch General Assembly, Bulgaria, September 2006<\/a><br><a href=\"https:\/\/www2024.socialwatch.org\/node\/9384\">Social Watch External Evaluation 2001-2005<\/a><br><a href=\"https:\/\/www2024.socialwatch.org\/node\/9388\">Social Watch Assembly - Beirut, October 2003<\/a><br><a href=\"https:\/\/www2024.socialwatch.org\/node\/9386\">Social Watch Assembly report- Rome, Nov.2000<\/a><br><a href=\"https:\/\/www2024.socialwatch.org\/node\/79\">The Lion's Teeth - THE 'PREHISTORY' OF Social Watch<\/a><\/p>\n","protected":false},"excerpt":{"rendered":"<p>Social Watch a \u00e9t\u00e9 cr\u00e9\u00e9 en 1995 lors du \u201cSommet social\u201d (Sommet mondial sur le d\u00e9veloppement social \u00e0 Copenhague) afin de cr\u00e9er un instrument de la soci\u00e9t\u00e9 civile pour rendre les gouvernements responsables de leurs engagements solennels d'\u00e9radiquer la pauvret\u00e9, d'atteindre l'\u00e9quit\u00e9 entre les sexes et de r\u00e9duire les in\u00e9galit\u00e9s. En 2011, une assembl\u00e9e internationale [&hellip;]<\/p>\n","protected":false},"author":3,"featured_media":0,"parent":0,"menu_order":0,"comment_status":"closed","ping_status":"closed","template":"","meta":{"footnotes":""},"class_list":["post-790","page","type-page","status-publish","hentry"],"_links":{"self":[{"href":"https:\/\/www.socialwatch.org\/fr\/wp-json\/wp\/v2\/pages\/790","targetHints":{"allow":["GET"]}}],"collection":[{"href":"https:\/\/www.socialwatch.org\/fr\/wp-json\/wp\/v2\/pages"}],"about":[{"href":"https:\/\/www.socialwatch.org\/fr\/wp-json\/wp\/v2\/types\/page"}],"author":[{"embeddable":true,"href":"https:\/\/www.socialwatch.org\/fr\/wp-json\/wp\/v2\/users\/3"}],"replies":[{"embeddable":true,"href":"https:\/\/www.socialwatch.org\/fr\/wp-json\/wp\/v2\/comments?post=790"}],"version-history":[{"count":3,"href":"https:\/\/www.socialwatch.org\/fr\/wp-json\/wp\/v2\/pages\/790\/revisions"}],"predecessor-version":[{"id":794,"href":"https:\/\/www.socialwatch.org\/fr\/wp-json\/wp\/v2\/pages\/790\/revisions\/794"}],"wp:attachment":[{"href":"https:\/\/www.socialwatch.org\/fr\/wp-json\/wp\/v2\/media?parent=790"}],"curies":[{"name":"wp","href":"https:\/\/api.w.org\/{rel}","templated":true}]}}